{"id":46,"date":"2016-06-10T11:07:21","date_gmt":"2016-06-10T11:07:21","guid":{"rendered":"https:\/\/aristongreekoil.md\/?page_id=46"},"modified":"2026-01-17T17:21:49","modified_gmt":"2026-01-17T15:21:49","slug":"blog-masline-grecesti","status":"publish","type":"page","link":"https:\/\/aristongreekoil.md\/ru\/blog-masline-grecesti\/","title":{"rendered":"\u0411\u043b\u043e\u0433"},"content":{"rendered":"<div class=\"wpb-content-wrapper\"><div class=\"vc_row wpb_row vc_row-fluid\"><div class=\"wpb_column vc_column_container vc_col-sm-12\"><div class=\"vc_column-inner\"><div class=\"wpb_wrapper\"><div id=\"sc_blogger_1366413843\" class=\"sc_blogger layout_masonry_3 template_masonry  sc_blogger_horizontal\"><div class=\"isotope_wrap\" data-columns=\"3\">\t\t<div class=\"isotope_item isotope_item_masonry isotope_item_masonry_3 isotope_column_3\">\n\t\t\t<div class=\"post_item post_item_masonry post_item_masonry_3\t\t\t\t  post_format_standard odd\">\n\t\t\t\t\n\t\t\t\t\t\t\t\t\t<div class=\"post_featured\">\n\t\t\t\t\t\t\t<div class=\"post_thumb\" data-image=\"https:\/\/aristongreekoil.md\/wp-content\/uploads\/2025\/12\/Greek_Oil_ExtraVirgin_Ariston.jpg\" data-title=\"Beneficiile uleiului de m\u0103sline extra virgin pentru inim\u0103 \u0219i vasele de s\u00e2nge\">\n\t<a class=\"hover_icon hover_icon_link\" href=\"https:\/\/aristongreekoil.md\/ru\/2025\/12\/24\/beneficiile-ulei-de-masline\/\"><img loading=\"lazy\" decoding=\"async\" class=\"wp-post-image\" width=\"370\" height=\"208\" alt=\"Beneficiile uleiului de m\u0103sline extra virgin pentru inim\u0103 \u0219i vasele de s\u00e2nge\" src=\"https:\/\/aristongreekoil.md\/wp-content\/uploads\/2025\/12\/Greek_Oil_ExtraVirgin_Ariston-370x208.jpg\"><\/a>\t<\/div>\n\t\t\t\t\t\t<\/div>\n\t\t\t\t\n\t\t\t\t<div class=\"post_content isotope_item_content\">\n\t\t\t\t\t\n\t\t\t\t\t<div class=\"post_info\">\n\t\t\t<span class=\"post_info_item post_info_posted\"> <a href=\"https:\/\/aristongreekoil.md\/ru\/2025\/12\/24\/beneficiile-ulei-de-masline\/\" class=\"post_info_date\">December 24, 2025<\/a><\/span>\n\t\t<\/div>\t\t\t\t\t\t\t<h5 class=\"post_title\"><a href=\"https:\/\/aristongreekoil.md\/ru\/2025\/12\/24\/beneficiile-ulei-de-masline\/\">\u041f\u0440\u0435\u0438\u043c\u0443\u0449\u0435\u0441\u0442\u0432\u0430 \u043e\u043b\u0438\u0432\u043a\u043e\u0432\u043e\u0433\u043e \u043c\u0430\u0441\u043b\u0430 \u043f\u0435\u0440\u0432\u043e\u0433\u043e \u043e\u0442\u0436\u0438\u043c\u0430 \u0434\u043b\u044f \u0441\u0435\u0440\u0434\u0446\u0430 \u0438 \u043a\u0440\u043e\u0432\u0435\u043d\u043e\u0441\u043d\u044b\u0445 \u0441\u043e\u0441\u0443\u0434\u043e\u0432.<\/a><\/h5>\n\t\t\t\t\t\t\t\n\t\t\t\t\t<div class=\"post_descr\">\n\t\t\t\t\t\t<p>Uleiul de m\u0103sline extra virgin este bogat \u00een gr\u0103simi mononesaturate (\u00een special acid oleic) \u0219i compu\u0219i polifenolici cu efect antioxidant, ceea ce...<\/p><a href=\"https:\/\/aristongreekoil.md\/ru\/2025\/12\/24\/beneficiile-ulei-de-masline\/\" class=\"post_readmore sc_button sc_button_size_small sc_button_style_filled\">Read more<\/a>\t\t\t\t\t<\/div>\n\n\t\t\t\t<\/div>\t\t\t\t<!-- \/.post_content -->\n\t\t\t<\/div>\t<!-- \/.post_item -->\n\t\t<\/div>\t\t\t\t\t\t<!-- \/.isotope_item -->\n\t\t<\/div><\/div><\/div><\/div><\/div><\/div>\n<p class=\"translation-block\">\u0413\u0440\u0435\u0447\u0435\u0441\u043a\u0438\u0435 \u043e\u043b\u0438\u0432\u043a\u0438 \u0438 \u0445\u043e\u043b\u043e\u0434\u043d\u043e \u043e\u0442\u0436\u0438\u043c\u0430\u0435\u043c\u043e\u0435 \u043e\u043b\u0438\u0432\u043a\u043e\u0432\u043e\u0435 \u043c\u0430\u0441\u043b\u043e \u043f\u0435\u0440\u0432\u043e\u0433\u043e \u043e\u0442\u0436\u0438\u043c\u0430.<\/p>\n<p>\u0413\u0440\u0435\u0447\u0435\u0441\u043a\u0438\u0435 \u043e\u043b\u0438\u0432\u043a\u0438 \u0438 \u0445\u043e\u043b\u043e\u0434\u043d\u043e\u0435 \u043e\u0442\u0436\u0438\u043c\u0430\u0435\u043c\u043e\u0435 \u043e\u043b\u0438\u0432\u043a\u043e\u0432\u043e\u0435 \u043c\u0430\u0441\u043b\u043e \u043f\u0435\u0440\u0432\u043e\u0433\u043e \u043e\u0442\u0436\u0438\u043c\u0430, \u0441\u0443\u0442\u044c \u0430\u0443\u0442\u0435\u043d\u0442\u0438\u0447\u043d\u043e\u0439 \u0441\u0440\u0435\u0434\u0438\u0437\u0435\u043c\u043d\u043e\u043c\u043e\u0440\u0441\u043a\u043e\u0439 \u043a\u0443\u0445\u043d\u0438. \u0412\u044b\u0440\u0430\u0449\u0438\u0432\u0430\u0435\u043c\u044b\u0435 \u0432 \u0438\u0437\u0432\u0435\u0441\u0442\u043d\u044b\u0445 \u0440\u0435\u0433\u0438\u043e\u043d\u0430\u0445 \u0413\u0440\u0435\u0446\u0438\u0438, \u0442\u0430\u043a\u0438\u0445 \u043a\u0430\u043a \u041c\u0435\u0441\u0441\u0438\u043d\u0438\u044f, \u044d\u0442\u0438 \u043f\u0440\u043e\u0434\u0443\u043a\u0442\u044b \u044f\u0432\u043b\u044f\u044e\u0442\u0441\u044f \u0440\u0435\u0437\u0443\u043b\u044c\u0442\u0430\u0442\u043e\u043c \u0438\u0434\u0435\u0430\u043b\u044c\u043d\u043e\u0433\u043e \u0431\u0430\u043b\u0430\u043d\u0441\u0430 \u043c\u0435\u0436\u0434\u0443 \u0442\u0440\u0430\u0434\u0438\u0446\u0438\u044f\u043c\u0438, \u043a\u043b\u0438\u043c\u0430\u0442\u043e\u043c \u0438 \u0443\u0432\u0430\u0436\u0435\u043d\u0438\u0435\u043c \u043a \u043f\u0440\u0438\u0440\u043e\u0434\u0435. \u041e\u043b\u0438\u0432\u043a\u0438 \u0432\u044b\u0434\u0435\u043b\u044f\u044e\u0442\u0441\u044f \u0441\u0432\u043e\u0438\u043c \u043d\u0430\u0441\u044b\u0449\u0435\u043d\u043d\u044b\u043c \u0432\u043a\u0443\u0441\u043e\u043c, \u043c\u044f\u0441\u043d\u043e\u0439 \u0442\u0435\u043a\u0441\u0442\u0443\u0440\u043e\u0439 \u0438 \u043d\u0430\u0442\u0443\u0440\u0430\u043b\u044c\u043d\u044b\u043c\u0438 \u0432\u043a\u0443\u0441\u0430\u043c\u0438, \u0438\u0434\u0435\u0430\u043b\u044c\u043d\u043e \u043f\u043e\u0434\u0445\u043e\u0434\u044f \u0434\u043b\u044f \u0437\u0430\u043a\u0443\u0441\u043e\u043a, \u0441\u0430\u043b\u0430\u0442\u043e\u0432 \u0438\u043b\u0438 \u0438\u0437\u044b\u0441\u043a\u0430\u043d\u043d\u044b\u0445 \u0431\u043b\u044e\u0434.<\/p>\n<p class=\"translation-block\">\u0425\u043e\u043b\u043e\u0434\u043d\u043e\u0435 \u043e\u0442\u0436\u0438\u043c\u0430\u0435\u043c\u043e\u0435 \u043e\u043b\u0438\u0432\u043a\u043e\u0432\u043e\u0435 \u043c\u0430\u0441\u043b\u043e \u043f\u0435\u0440\u0432\u043e\u0433\u043e \u043e\u0442\u0436\u0438\u043c\u0430 \u043f\u043e\u043b\u0443\u0447\u0430\u0435\u0442\u0441\u044f \u0438\u0441\u043a\u043b\u044e\u0447\u0438\u0442\u0435\u043b\u044c\u043d\u043e \u043c\u0435\u0445\u0430\u043d\u0438\u0447\u0435\u0441\u043a\u0438\u043c \u0441\u043f\u043e\u0441\u043e\u0431\u043e\u043c, \u0441\u043e\u0445\u0440\u0430\u043d\u044f\u044f \u0435\u0433\u043e \u043f\u0438\u0442\u0430\u0442\u0435\u043b\u044c\u043d\u044b\u0435 \u0441\u0432\u043e\u0439\u0441\u0442\u0432\u0430. \u0411\u043e\u0433\u0430\u0442\u044b\u0439 \u043c\u043e\u043d\u043e\u043d\u0435\u043d\u0430\u0441\u044b\u0449\u0435\u043d\u043d\u044b\u043c\u0438 \u0436\u0438\u0440\u0430\u043c\u0438 \u0438 \u043d\u0430\u0442\u0443\u0440\u0430\u043b\u044c\u043d\u044b\u043c\u0438 \u0430\u043d\u0442\u0438\u043e\u043a\u0441\u0438\u0434\u0430\u043d\u0442\u0430\u043c\u0438, \u043e\u043d \u043f\u043e\u0434\u0434\u0435\u0440\u0436\u0438\u0432\u0430\u0435\u0442 \u0441\u0435\u0440\u0434\u0435\u0447\u043d\u043e-\u0441\u043e\u0441\u0443\u0434\u0438\u0441\u0442\u043e\u0435 \u0437\u0434\u043e\u0440\u043e\u0432\u044c\u0435 \u0438 \u0438\u0434\u0435\u0430\u043b\u044c\u043d\u043e \u0434\u043e\u043f\u043e\u043b\u043d\u044f\u0435\u0442 \u0441\u0431\u0430\u043b\u0430\u043d\u0441\u0438\u0440\u043e\u0432\u0430\u043d\u043d\u043e\u0435 \u043f\u0438\u0442\u0430\u043d\u0438\u0435.<\/p>\n<p>\u0412 \u043d\u0430\u0448\u0435\u043c \u0431\u043b\u043e\u0433\u0435 \u0432\u044b \u043c\u043e\u0436\u0435\u0442\u0435 \u043d\u0430\u0439\u0442\u0438 \u0438\u0441\u0442\u043e\u0440\u0438\u0438 \u043e \u043f\u0440\u043e\u0438\u0441\u0445\u043e\u0436\u0434\u0435\u043d\u0438\u0438, \u043f\u0440\u0435\u0438\u043c\u0443\u0449\u0435\u0441\u0442\u0432\u0430\u0445, \u043c\u0435\u0442\u043e\u0434\u0430\u0445 \u043f\u0440\u043e\u0438\u0437\u0432\u043e\u0434\u0441\u0442\u0432\u0430 \u0438 \u0438\u0434\u0435\u044f\u0445 \u0434\u043b\u044f \u0438\u0441\u043f\u043e\u043b\u044c\u0437\u043e\u0432\u0430\u043d\u0438\u044f, \u0447\u0442\u043e\u0431\u044b \u043f\u0440\u0438\u0432\u043d\u0435\u0441\u0442\u0438 \u0432\u043a\u0443\u0441 \u0413\u0440\u0435\u0446\u0438\u0438 \u043f\u0440\u044f\u043c\u043e \u043d\u0430 \u0432\u0430\u0448\u0443 \u043a\u0443\u0445\u043d\u044e.<\/p>\n<\/div>","protected":false},"excerpt":{"rendered":"<p>M\u0103sline Grece\u0219ti \u0219i Ulei de M\u0103sline Extravirgin Presat la Rece M\u0103slinele grece\u0219ti \u0219i uleiul de m\u0103sline extravirgin presat la rece reprezint\u0103 esen\u021ba buc\u0103t\u0103riei mediteraneene autentice. Cultivate \u00een regiuni renumite ale [&hellip;]<\/p>\n","protected":false},"author":1,"featured_media":203,"parent":0,"menu_order":0,"comment_status":"closed","ping_status":"closed","template":"","meta":{"_crdt_document":"","footnotes":""},"class_list":["post-46","page","type-page","status-publish","has-post-thumbnail","hentry"],"yoast_head":"<!-- This site is optimized with the Yoast SEO plugin v27.4 - https:\/\/yoast.com\/product\/yoast-seo-wordpress\/ -->\n<title>M\u0103sline Grece\u0219ti<\/title>\n<meta name=\"description\" content=\"M\u0103slinele grece\u0219ti \u0219i uleiul de m\u0103sline extravirgin presat la rece reprezint\u0103 esen\u021ba buc\u0103t\u0103riei mediteraneene autentice.\" \/>\n<meta name=\"robots\" content=\"index, follow, max-snippet:-1, max-image-preview:large, max-video-preview:-1\" \/>\n<link rel=\"canonical\" href=\"https:\/\/aristongreekoil.md\/ru\/blog-masline-grecesti\/\" \/>\n<meta property=\"og:locale\" content=\"ru_RU\" \/>\n<meta property=\"og:type\" content=\"article\" \/>\n<meta property=\"og:title\" content=\"M\u0103sline Grece\u0219ti\" \/>\n<meta property=\"og:description\" content=\"M\u0103slinele grece\u0219ti \u0219i uleiul de m\u0103sline extravirgin presat la rece reprezint\u0103 esen\u021ba buc\u0103t\u0103riei mediteraneene autentice.\" \/>\n<meta property=\"og:url\" content=\"https:\/\/aristongreekoil.md\/ru\/blog-masline-grecesti\/\" \/>\n<meta property=\"og:site_name\" content=\"Ariston Greek Oil\" \/>\n<meta property=\"article:modified_time\" content=\"2026-01-17T15:21:49+00:00\" \/>\n<meta property=\"og:image\" content=\"https:\/\/aristongreekoil.md\/wp-content\/uploads\/2016\/06\/image-30.jpg\" \/>\n\t<meta property=\"og:image:width\" content=\"370\" \/>\n\t<meta property=\"og:image:height\" content=\"370\" \/>\n\t<meta property=\"og:image:type\" content=\"image\/jpeg\" \/>\n<meta name=\"twitter:card\" content=\"summary_large_image\" \/>\n<meta name=\"twitter:label1\" content=\"\u041f\u0440\u0438\u043c\u0435\u0440\u043d\u043e\u0435 \u0432\u0440\u0435\u043c\u044f \u0434\u043b\u044f \u0447\u0442\u0435\u043d\u0438\u044f\" \/>\n\t<meta name=\"twitter:data1\" content=\"1 \u043c\u0438\u043d\u0443\u0442\u0430\" \/>\n<script type=\"application\/ld+json\" class=\"yoast-schema-graph\">{\"@context\":\"https:\\\/\\\/schema.org\",\"@graph\":[{\"@type\":\"WebPage\",\"@id\":\"https:\\\/\\\/aristongreekoil.md\\\/blog-masline-grecesti\\\/\",\"url\":\"https:\\\/\\\/aristongreekoil.md\\\/blog-masline-grecesti\\\/\",\"name\":\"M\u0103sline Grece\u0219ti\",\"isPartOf\":{\"@id\":\"https:\\\/\\\/aristongreekoil.md\\\/#website\"},\"primaryImageOfPage\":{\"@id\":\"https:\\\/\\\/aristongreekoil.md\\\/blog-masline-grecesti\\\/#primaryimage\"},\"image\":{\"@id\":\"https:\\\/\\\/aristongreekoil.md\\\/blog-masline-grecesti\\\/#primaryimage\"},\"thumbnailUrl\":\"https:\\\/\\\/aristongreekoil.md\\\/wp-content\\\/uploads\\\/2016\\\/06\\\/image-30.jpg\",\"datePublished\":\"2016-06-10T11:07:21+00:00\",\"dateModified\":\"2026-01-17T15:21:49+00:00\",\"description\":\"M\u0103slinele grece\u0219ti \u0219i uleiul de m\u0103sline extravirgin presat la rece reprezint\u0103 esen\u021ba buc\u0103t\u0103riei mediteraneene autentice.\",\"breadcrumb\":{\"@id\":\"https:\\\/\\\/aristongreekoil.md\\\/blog-masline-grecesti\\\/#breadcrumb\"},\"inLanguage\":\"ru-RU\",\"potentialAction\":[{\"@type\":\"ReadAction\",\"target\":[\"https:\\\/\\\/aristongreekoil.md\\\/blog-masline-grecesti\\\/\"]}]},{\"@type\":\"ImageObject\",\"inLanguage\":\"ru-RU\",\"@id\":\"https:\\\/\\\/aristongreekoil.md\\\/blog-masline-grecesti\\\/#primaryimage\",\"url\":\"https:\\\/\\\/aristongreekoil.md\\\/wp-content\\\/uploads\\\/2016\\\/06\\\/image-30.jpg\",\"contentUrl\":\"https:\\\/\\\/aristongreekoil.md\\\/wp-content\\\/uploads\\\/2016\\\/06\\\/image-30.jpg\",\"width\":370,\"height\":370,\"caption\":\"M\u0103sline Grece\u0219ti\"},{\"@type\":\"BreadcrumbList\",\"@id\":\"https:\\\/\\\/aristongreekoil.md\\\/blog-masline-grecesti\\\/#breadcrumb\",\"itemListElement\":[{\"@type\":\"ListItem\",\"position\":1,\"name\":\"Prima pagin\u0103\",\"item\":\"https:\\\/\\\/aristongreekoil.md\\\/\"},{\"@type\":\"ListItem\",\"position\":2,\"name\":\"Blog\"}]},{\"@type\":\"WebSite\",\"@id\":\"https:\\\/\\\/aristongreekoil.md\\\/#website\",\"url\":\"https:\\\/\\\/aristongreekoil.md\\\/\",\"name\":\"Ariston Greek Oil\",\"description\":\"\",\"potentialAction\":[{\"@type\":\"SearchAction\",\"target\":{\"@type\":\"EntryPoint\",\"urlTemplate\":\"https:\\\/\\\/aristongreekoil.md\\\/?s={search_term_string}\"},\"query-input\":{\"@type\":\"PropertyValueSpecification\",\"valueRequired\":true,\"valueName\":\"search_term_string\"}}],\"inLanguage\":\"ru-RU\"}]}<\/script>\n<!-- \/ Yoast SEO plugin. -->","yoast_head_json":{"title":"M\u0103sline Grece\u0219ti","description":"M\u0103slinele grece\u0219ti \u0219i uleiul de m\u0103sline extravirgin presat la rece reprezint\u0103 esen\u021ba buc\u0103t\u0103riei mediteraneene autentice.","robots":{"index":"index","follow":"follow","max-snippet":"max-snippet:-1","max-image-preview":"max-image-preview:large","max-video-preview":"max-video-preview:-1"},"canonical":"https:\/\/aristongreekoil.md\/ru\/blog-masline-grecesti\/","og_locale":"ru_RU","og_type":"article","og_title":"M\u0103sline Grece\u0219ti","og_description":"M\u0103slinele grece\u0219ti \u0219i uleiul de m\u0103sline extravirgin presat la rece reprezint\u0103 esen\u021ba buc\u0103t\u0103riei mediteraneene autentice.","og_url":"https:\/\/aristongreekoil.md\/ru\/blog-masline-grecesti\/","og_site_name":"Ariston Greek Oil","article_modified_time":"2026-01-17T15:21:49+00:00","og_image":[{"width":370,"height":370,"url":"https:\/\/aristongreekoil.md\/wp-content\/uploads\/2016\/06\/image-30.jpg","type":"image\/jpeg"}],"twitter_card":"summary_large_image","twitter_misc":{"\u041f\u0440\u0438\u043c\u0435\u0440\u043d\u043e\u0435 \u0432\u0440\u0435\u043c\u044f \u0434\u043b\u044f \u0447\u0442\u0435\u043d\u0438\u044f":"1 \u043c\u0438\u043d\u0443\u0442\u0430"},"schema":{"@context":"https:\/\/schema.org","@graph":[{"@type":"WebPage","@id":"https:\/\/aristongreekoil.md\/blog-masline-grecesti\/","url":"https:\/\/aristongreekoil.md\/blog-masline-grecesti\/","name":"M\u0103sline Grece\u0219ti","isPartOf":{"@id":"https:\/\/aristongreekoil.md\/#website"},"primaryImageOfPage":{"@id":"https:\/\/aristongreekoil.md\/blog-masline-grecesti\/#primaryimage"},"image":{"@id":"https:\/\/aristongreekoil.md\/blog-masline-grecesti\/#primaryimage"},"thumbnailUrl":"https:\/\/aristongreekoil.md\/wp-content\/uploads\/2016\/06\/image-30.jpg","datePublished":"2016-06-10T11:07:21+00:00","dateModified":"2026-01-17T15:21:49+00:00","description":"M\u0103slinele grece\u0219ti \u0219i uleiul de m\u0103sline extravirgin presat la rece reprezint\u0103 esen\u021ba buc\u0103t\u0103riei mediteraneene autentice.","breadcrumb":{"@id":"https:\/\/aristongreekoil.md\/blog-masline-grecesti\/#breadcrumb"},"inLanguage":"ru-RU","potentialAction":[{"@type":"ReadAction","target":["https:\/\/aristongreekoil.md\/blog-masline-grecesti\/"]}]},{"@type":"ImageObject","inLanguage":"ru-RU","@id":"https:\/\/aristongreekoil.md\/blog-masline-grecesti\/#primaryimage","url":"https:\/\/aristongreekoil.md\/wp-content\/uploads\/2016\/06\/image-30.jpg","contentUrl":"https:\/\/aristongreekoil.md\/wp-content\/uploads\/2016\/06\/image-30.jpg","width":370,"height":370,"caption":"M\u0103sline Grece\u0219ti"},{"@type":"BreadcrumbList","@id":"https:\/\/aristongreekoil.md\/blog-masline-grecesti\/#breadcrumb","itemListElement":[{"@type":"ListItem","position":1,"name":"Prima pagin\u0103","item":"https:\/\/aristongreekoil.md\/"},{"@type":"ListItem","position":2,"name":"Blog"}]},{"@type":"WebSite","@id":"https:\/\/aristongreekoil.md\/#website","url":"https:\/\/aristongreekoil.md\/","name":"Ariston Greek Oil","description":"","potentialAction":[{"@type":"SearchAction","target":{"@type":"EntryPoint","urlTemplate":"https:\/\/aristongreekoil.md\/?s={search_term_string}"},"query-input":{"@type":"PropertyValueSpecification","valueRequired":true,"valueName":"search_term_string"}}],"inLanguage":"ru-RU"}]}},"jetpack_shortlink":"https:\/\/wp.me\/PgUDrV-K","jetpack_sharing_enabled":true,"_links":{"self":[{"href":"https:\/\/aristongreekoil.md\/ru\/wp-json\/wp\/v2\/pages\/46","targetHints":{"allow":["GET"]}}],"collection":[{"href":"https:\/\/aristongreekoil.md\/ru\/wp-json\/wp\/v2\/pages"}],"about":[{"href":"https:\/\/aristongreekoil.md\/ru\/wp-json\/wp\/v2\/types\/page"}],"author":[{"embeddable":true,"href":"https:\/\/aristongreekoil.md\/ru\/wp-json\/wp\/v2\/users\/1"}],"replies":[{"embeddable":true,"href":"https:\/\/aristongreekoil.md\/ru\/wp-json\/wp\/v2\/comments?post=46"}],"version-history":[{"count":6,"href":"https:\/\/aristongreekoil.md\/ru\/wp-json\/wp\/v2\/pages\/46\/revisions"}],"predecessor-version":[{"id":1630,"href":"https:\/\/aristongreekoil.md\/ru\/wp-json\/wp\/v2\/pages\/46\/revisions\/1630"}],"wp:featuredmedia":[{"embeddable":true,"href":"https:\/\/aristongreekoil.md\/ru\/wp-json\/wp\/v2\/media\/203"}],"wp:attachment":[{"href":"https:\/\/aristongreekoil.md\/ru\/wp-json\/wp\/v2\/media?parent=46"}],"curies":[{"name":"wp","href":"https:\/\/api.w.org\/{rel}","templated":true}]}}