{"id":730,"date":"2018-10-17T09:24:15","date_gmt":"2018-10-17T09:24:15","guid":{"rendered":"https:\/\/aristongreekoil.md\/?page_id=730"},"modified":"2025-12-24T11:59:39","modified_gmt":"2025-12-24T09:59:39","slug":"conditii-comerciale","status":"publish","type":"page","link":"https:\/\/aristongreekoil.md\/ru\/conditii-comerciale\/","title":{"rendered":"Condi\u021bii Comerciale &#038; Politica de Confiden\u021bialitate"},"content":{"rendered":"<h5>Introducere<\/h5>\n<p class=\"p1\"><span class=\"s1\"><a href=\"https:\/\/aristongreekoil.md\/ru\/\"><b>www.aristongreekoil.md<\/b><\/a><\/span><\/p>\n<p class=\"p2\"><span class=\"s2\">Ariston Greek Oil<\/span> este un magazin on-line care realizeaz\u0103 \/ presteaz\u0103 : Comercializarea produselor din grecia precum ulei de maslineextra virgin,organic,presat la rece,otet balsamic.(descrierea produselor sau serviciilor care pot fi procurate la prezentul magazin electronic)<\/p>\n<p><b>Securitatea datelor cu caracter personal<\/b><\/p>\n<p class=\"p2\">Compania <span class=\"s1\">Premium Greek Oil SRL, <\/span>colecteaz\u0103, prelucreaz\u0103 \u0219i utilizeaz\u0103 datele cu caracter personal a clien\u021bilor. Aceste date vor fi colectate pe baza consim\u021b\u0103m\u00e2ntului clientul \u0219i se vor baza pe cerin\u021bele legale de furnizare a serviciilor solicitate. Compania <span class=\"s1\">Premium Greek Oil SRL<span class=\"Apple-converted-space\">\u00a0 <\/span><\/span>prelucreaz\u0103 datele cu caracter personal \u00een conformitate cu prevederile legisla\u021biei \u0219i \u00een conformitate cu Politica de confiden\u021bialitate. Aceste date aferente Opera\u021biunii de plat\u0103 va include \u00eens\u0103 nu se va limita la:<\/p>\n<ul class=\"ul1\">\n<li class=\"li2\">Adresa IP a clientului;<\/li>\n<li class=\"li2\">Numele clientului;<\/li>\n<li class=\"li2\">Prenumele clientului;<\/li>\n<li class=\"li2\">Telefonul clientului;<\/li>\n<li class=\"li2\">Tipul Cardului;<\/li>\n<li class=\"li2\">Numele clientului indicat pe card;<\/li>\n<li class=\"li2\">Adresa email client;<\/li>\n<li class=\"li2\">Valuta tranzac\u021biei;<\/li>\n<li class=\"li2\">Informa\u021bii despre livrare;<\/li>\n<\/ul>\n<p><b>Serviciul suport<\/b><\/p>\n<p class=\"p1\"><span class=\"s1\">Premium Greek Oil<\/span> ofer\u0103 clien\u0163ilor s\u0103i Serviciul suport la num\u0103rul de telefon<span class=\"Apple-converted-space\">\u00a0 <\/span>068858586.<span class=\"Apple-converted-space\">\u00a0 <\/span>Zilele de lucru a Serviciului suport<span class=\"Apple-converted-space\">\u00a0 <\/span>7 zile din saptamina , orele de lucru 09:00 si 20:00.<\/p>\n<p class=\"p2\">Serviciul suport ofer\u0103 consultarea clien\u0163ilor cu privire la m\u0103rfurile \u015fi serviciile oferite de Magazinul electronic, modalit\u0103\u0163ile de plat\u0103, de livrare \u015fi revocare a Opera\u021biunii de plat\u0103 \/Tranzac\u0163iilor practicate. Serviciul suport<span class=\"Apple-converted-space\">\u00a0 <\/span>este obligat s\u0103 primeasc\u0103 de la Cump\u0103r\u0103tori reclama\u0163ii, s\u0103 asigure informarea acestora cu privire la statutul procesului de investiga\u0163ie a reclama\u0163iilor, \u015fi, dup\u0103 caz, s\u0103 asigure investigarea reclama\u021biilor.<\/p>\n<p><b>Cum cump\u0103r\u0103m? Tehnologia<span class=\"Apple-converted-space\">\u00a0 <\/span>efectu\u0103rii cump\u0103r\u0103turii<\/b><\/p>\n<p class=\"p2\">Pe pagina produsului dorit, selecta\u021bi cantitatea \u0219i tipul produsului. Click pe butonul \u2018ADAUG\u0102 \u00ceN CO\u0218\u2019, disponibil sub imaginile produselor. Produsul este acum disponibil \u00een \u2018CO\u0218UL DE CUMP\u0102R\u0102TURI\u2019. Acesta este accesibil din coltul dreapta al paginii. Trece\u021bi cu mouse-ul peste link, sau click, pentru a descoperi \u2018CO\u0218UL DE CUMP\u0102R\u0102TURI\u2019. Editeaz\u0103 sau continu\u0103 cu comanda m\u0103rfurilor prin click pe butonul \u2018COMAND\u0102\u2019.<\/p>\n<p class=\"p2\">Introduce\u0163i datele de contact \u015fi datele livr\u0103rii m\u0103rfii:<\/p>\n<ul class=\"ul1\">\n<li class=\"li3\">Adresa po\u0219tei electronice a Cump\u0103r\u0103torului;<\/li>\n<li class=\"li3\">Num\u0103rul de telefon al Cump\u0103r\u0103torului;<\/li>\n<li class=\"li4\">\u00een cazul \u00een care V\u00e2nzarea presupune livrare, datele necesare pentru asigurarea cu succes a livr\u0103rii:<\/li>\n<\/ul>\n<ul class=\"ul2\">\n<li class=\"li4\">adresa de livrare;<\/li>\n<li class=\"li4\">numele, prenumele, num\u0103rul de telefon al Destinatarului \u00een cazul \u00een care acesta este diferit de Cump\u0103r\u0103tor.<\/li>\n<\/ul>\n<p class=\"p1\">Dup\u0103 care este necesar\u0103 selectarea metodei de plat\u0103.<\/p>\n<p class=\"p1\">Click pe \u2018CONTINU\u0102\u2019 pentru a continua pe platforma de plat\u0103 securizat\u0103.<\/p>\n<p><b>Cum pl\u0103tim? Tehnologia efectu\u0103rii tranzac\u021biei de plat\u0103<\/b><\/p>\n<p class=\"p1\">\u00cenaintea purcederii la perfectarea Opera\u021biunii de plat\u0103, to\u021bi parametrii \u0219i condi\u021biile de baz\u0103 ale V\u00e2nz\u0103rii direc\u021bionate spre achitare s\u0103 fie pus\u0103 la dispozi\u021bia Cump\u0103r\u0103torului:<\/p>\n<ul class=\"ul1\">\n<li class=\"li2\">identificatorul unic al Comenzii;<\/li>\n<li class=\"li2\">pre\u0163ul \u015fi cantitatea fiec\u0103rui produs\u00a0\/ serviciu din cadrul Tranzac\u021biei;<\/li>\n<li class=\"li2\">\u00een cazul \u00een care Tranzac\u021bia presupune livrare:<\/li>\n<li class=\"li2\">condi\u021biile livr\u0103rii \u2013 deplin sau doar referin\u0163\u0103 la Condi\u0163iile comerciale, iar \u00een cazul \u00een care Condi\u0163iile comerciale prev\u0103d diferite modalit\u0103\u0163i de livrare, atunci trebuie s\u0103 fie indicat\u0103 univoc \u015fi modalitatea livr\u0103rii aplicabil\u0103 acestei Tranzac\u021bii;<\/li>\n<li class=\"li2\">datele livr\u0103rii (numele, prenumele, num\u0103rul de telefon ale Destinatarului, adresa livr\u0103rii);<\/li>\n<li class=\"li2\">pre\u0163ul livr\u0103rii, dac\u0103 se aplic\u0103 plata respectiv\u0103;<\/li>\n<li class=\"li2\">verific\u0103rile __________________ (denumirea documentului (ex., BI)) a Destinatarului, care urmeaz\u0103 a fi efectuate la predarea Coletului.<\/li>\n<li class=\"li2\">alte pl\u0103\u0163i dac\u0103 se aplic\u0103 \u00een cadrul acestei Tranzac\u021bii;<\/li>\n<li class=\"li2\">valoarea total\u0103 a comenzii, egal\u0103 cu suma Opera\u021biunii de plat\u0103 care va fi ini\u0163iat\u0103 de Comerciant pentru achitarea V\u00e2nz\u0103rii date;<\/li>\n<li class=\"li2\">referin\u021b\u0103 \u0219i link activ la Condi\u021biile comerciale;<\/li>\n<li class=\"li2\">alte condi\u0163ii speciale eventual aplicabile Tranzac\u021biei date.<\/li>\n<\/ul>\n<p class=\"p4\">Anterior ini\u021bierii Tranzac\u021biei de plat\u0103 Cump\u0103r\u0103torul trebuie s\u0103 prezinte acordul s\u0103u \u00een privin\u0163a Condi\u0163iilor comerciale prin bifarea punctului \u201eAm luat la cuno\u015ftin\u0163\u0103 \u015fi sunt de acord cu Condi\u0163iile comerciale\u201d.<\/p>\n<p class=\"p4\">Plata se poate efectua prin intermediul instrumentelor de plat\u0103 oferite de \u201dPaynet Service\u201d SRL. Produsele comandate trebuie achitate integral, \u00een caz contrar nu se va efectua livrarea.<\/p>\n<p class=\"p1\">Site-ul <a href=\"https:\/\/aristongreekoil.md\/ru\/\"><span class=\"s1\">www.aristongreekoil.md<\/span><\/a> este securizat, <span class=\"s2\">Premium Greek Oil SRL <\/span>nu p\u0103streaz\u0103 datele dvs. personale, a contului sau a cardului folosite \u00een efectuarea unei tranzac\u021bii online.<\/p>\n<p><b>Livrare \u0219i returnare<\/b><\/p>\n<p class=\"p1\">Premium Greek Oil<span class=\"Apple-converted-space\">\u00a0 <\/span>folose\u0219te serviciile de curierat a companiei FAN Curier si livrarea proprie.<\/p>\n<p class=\"p1\"><b><i>Livrarea \u00een Chi\u0219in\u0103u<\/i><\/b><\/p>\n<p class=\"p1\">Livrarea se efectueaz\u0103 gratis \u00een cazul \u00een care suma cump\u0103r\u0103turii dep\u0103\u0219e\u0219te 500 MDL.<span class=\"Apple-converted-space\">\u00a0 <\/span>\u00cen alte cazuri costul livr\u0103rii constituie 50 MDL.<\/p>\n<p class=\"p1\">Termeni de livrare a Comenzilor sunt p\u00e2n\u0103 la 2 zile lucr\u0103toare.<\/p>\n<p class=\"p1\"><b><i>Livrare pe teritoriul Republicii Moldova<\/i><\/b><\/p>\n<p class=\"p2\">Livrarea se efectueaz\u0103 gratis \u00een cazul \u00een care suma comenzii dep\u0103\u0219e\u0219te 1100 MDL. Dac\u0103 suma comenzii nu dep\u0103\u0219e\u015fte valoarea de 1100 MDL, costul livr\u0103rii constituie 3 MDL pentru fiecare km.<\/p>\n<p class=\"p2\">Termeni de livrare \u00een centrele raionale din republic\u0103 sunt p\u00e2n\u0103 la 3-4 zile lucr\u0103toare.<\/p>\n<p class=\"p1\"><b><i>Returnare<\/i><\/b><\/p>\n<p class=\"p3\">\u00cen cazul \u00een care bunul<span class=\"Apple-converted-space\">\u00a0 <\/span>a fost pierdut<span class=\"Apple-converted-space\">\u00a0 <\/span>de c\u0103tre Cump\u0103r\u0103tor \u00een decurs de 3 zile, sau livrarea este imposibil\u0103 \/ nu a fost efectuat\u0103 \u00een limitele termenului maxim \/ nu a fost efectuat\u0103 \u00een termen de 30 (treizeci) zile din data confirm\u0103rii Opera\u021biunii de plat\u0103 respective, <span class=\"s1\">Premium Greek Oil SRL<\/span> este obligat s\u0103 ini\u0163ieze Revocarea Opera\u021biunii de plat\u0103\/Tranzac\u0163ie respective, cu excep\u0163ia situa\u0163iilor \u00een care a fost primit de la Cump\u0103r\u0103tor acordul expres \u00een scris cu privire la prelungirea termenului de livrare.<\/p>\n<p class=\"p3\">Magazinul electronic <a href=\"https:\/\/aristongreekoil.md\/ru\/\"><span class=\"s2\">www.aristongreekoil.md<\/span><\/a> sau Cump\u0103r\u0103torul are posibilitate s\u0103 ini\u0163ieze at\u00e2t Revocarea Opera\u021biunii de plat\u0103\/Tranzac\u021biei \u00een sum\u0103 total\u0103, c\u00e2t \u015fi \u00een sum\u0103 par\u0163ial\u0103, reie\u015find din natura \u015fi cauza revoc\u0103rii<\/p>\n<p class=\"p4\"><b><i>Alte exemple de condi\u021bii de anulare a tranzac\u021biei:<\/i><\/b><\/p>\n<ul class=\"ul1\">\n<li class=\"li4\">Dup\u0103 introducerea de c\u0103tre beneficiar a datelor pl\u0103\u021bii, confirmarea \u0219i autorizarea efectu\u0103rii acesteia, nu va fi posibil\u0103 efectuarea modific\u0103rilor, revocarea pl\u0103\u021bii \u0219i returul mijloacelor financiare aferente acestei pl\u0103\u021bi.<\/li>\n<li class=\"li4\">Raporturile comerciale dintre beneficiar \u0219i Premium Greek Oil SRL sunt reglementate oficial de organele\u00a0privind protec\u021bia consumatorilor la \u00eencheierea \u0219i executarea contractelor la distan\u021b\u0103. Consumatorul are dreptul s\u0103 notifice \u00een scris comerciantului ca renun\u021b\u0103 la cump\u0103rare, f\u0103r\u0103 penalit\u0103\u021bi \u0219i f\u0103r\u0103 invocarea unui motiv, \u00een termen de 14 zile de la primirea produsului sau, \u00een cazul prest\u0103rilor de servicii, de la \u00eencheierea contractului.<\/li>\n<li class=\"li1\">Beneficiarul nu poate solicita rambursarea mijloacelor b\u0103ne\u0219ti transferat, iar Operatorul nu va lua \u00een considera\u021bie preten\u021biile Beneficiarului \u00een ce prive\u0219te rambursarea mijloacelor b\u0103ne\u0219ti.<\/li>\n<\/ul>\n<p class=\"p1\"><b>Politica de confiden\u021bialitate<\/b><\/p>\n<p class=\"p2\">Confiden\u0163ialitatea datelor clien\u0163ilor este foarte important\u0103 pentru noi. Premium Greek Oil<span class=\"Apple-converted-space\">\u00a0 <\/span>\u00ee\u015fi respect\u0103 \u015fi protejeaz\u0103 clien\u0163ii. Modul de utilizare a informa\u0163iilor puse la dispozi\u0163ie de c\u0103tre clien\u0163i este prezentat \u00een continuare. Dac\u0103 se fac actualiz\u0103ri ale politicii de confiden\u0163ialitate, acestea vor fi publicate pe aceast\u0103 pagin\u0103. Ne rezerv\u0103m dreptul de a modifica aceast\u0103 politic\u0103 de confiden\u0163ialitate, \u00een orice moment.<\/p>\n<p class=\"p1\"><b>Dispozi\u021bii finale \u0219i judiciare<\/b><\/p>\n<p class=\"p2\">Orice litigiu ap\u0103rut \u00een leg\u0103tur\u0103 cu utilizarea acestui serviciu va fi rezolvat pe cale amiabil\u0103. La apari\u021bia unor conflicte \u00een timpul cump\u0103r\u0103rii, achit\u0103rii sau livr\u0103rii produselor procurate de la compania Premium Greek Oil \u0219i care nu sunt reglementate printr-un punct al acestui act, vor fi solu\u021bionate pe cale amiabil\u0103, \u00een decurs de 30 zile lucr\u0103toare din momentul \u00een\u0219tiin\u021b\u0103rii \u00een form\u0103 scris\u0103 a problemei.<\/p>\n<p class=\"p2\">\u00cen cazul \u00een care conflictul nu poate fi solu\u021bionat pe cale amiabil\u0103, competen\u021ba revine instan\u021belor de judecat\u0103 din Republica Moldova. Fiind de acord cu ace\u0219ti termeni \u0219i condi\u021bii, clientul \u00ee\u0219i asum\u0103 \u00een totalitate aceste riscuri.<\/p>","protected":false},"excerpt":{"rendered":"<p>Introducere <a href=\"http:\/\/www.aristongreekoil.md\" rel=\"nofollow\">http:\/\/www.aristongreekoil.md<\/a> Ariston Greek Oil este un magazin on-line care realizeaz\u0103 \/ presteaz\u0103 : Comercializarea produselor din grecia precum ulei de maslineextra virgin,organic,presat la rece,otet balsamic.(descrierea produselor sau serviciilor care [&hellip;]<\/p>\n","protected":false},"author":1,"featured_media":0,"parent":0,"menu_order":0,"comment_status":"closed","ping_status":"closed","template":"","meta":{"_crdt_document":"","footnotes":""},"class_list":["post-730","page","type-page","status-publish","hentry"],"yoast_head":"<!-- This site is optimized with the Yoast SEO plugin v27.4 - https:\/\/yoast.com\/product\/yoast-seo-wordpress\/ -->\n<title>Condi\u021bii Comerciale &amp; Politica de Confiden\u021bialitate - Ariston Greek Oil<\/title>\n<meta name=\"robots\" content=\"index, follow, max-snippet:-1, max-image-preview:large, max-video-preview:-1\" \/>\n<link rel=\"canonical\" href=\"https:\/\/aristongreekoil.md\/ru\/conditii-comerciale\/\" \/>\n<meta property=\"og:locale\" content=\"ru_RU\" \/>\n<meta property=\"og:type\" content=\"article\" \/>\n<meta property=\"og:title\" content=\"Condi\u021bii Comerciale &amp; Politica de Confiden\u021bialitate - Ariston Greek Oil\" \/>\n<meta property=\"og:description\" content=\"Introducere www.aristongreekoil.md Ariston Greek Oil este un magazin on-line care realizeaz\u0103 \/ presteaz\u0103 : Comercializarea produselor din grecia precum ulei de maslineextra virgin,organic,presat la rece,otet balsamic.(descrierea produselor sau serviciilor care [&hellip;]\" \/>\n<meta property=\"og:url\" content=\"https:\/\/aristongreekoil.md\/ru\/conditii-comerciale\/\" \/>\n<meta property=\"og:site_name\" content=\"Ariston Greek Oil\" \/>\n<meta property=\"article:modified_time\" content=\"2025-12-24T09:59:39+00:00\" \/>\n<meta name=\"twitter:card\" content=\"summary_large_image\" \/>\n<meta name=\"twitter:label1\" content=\"\u041f\u0440\u0438\u043c\u0435\u0440\u043d\u043e\u0435 \u0432\u0440\u0435\u043c\u044f \u0434\u043b\u044f \u0447\u0442\u0435\u043d\u0438\u044f\" \/>\n\t<meta name=\"twitter:data1\" content=\"6 \u043c\u0438\u043d\u0443\u0442\" \/>\n<script type=\"application\/ld+json\" class=\"yoast-schema-graph\">{\"@context\":\"https:\\\/\\\/schema.org\",\"@graph\":[{\"@type\":\"WebPage\",\"@id\":\"https:\\\/\\\/aristongreekoil.md\\\/conditii-comerciale\\\/\",\"url\":\"https:\\\/\\\/aristongreekoil.md\\\/conditii-comerciale\\\/\",\"name\":\"Condi\u021bii Comerciale & Politica de Confiden\u021bialitate - Ariston Greek Oil\",\"isPartOf\":{\"@id\":\"https:\\\/\\\/aristongreekoil.md\\\/#website\"},\"datePublished\":\"2018-10-17T09:24:15+00:00\",\"dateModified\":\"2025-12-24T09:59:39+00:00\",\"breadcrumb\":{\"@id\":\"https:\\\/\\\/aristongreekoil.md\\\/conditii-comerciale\\\/#breadcrumb\"},\"inLanguage\":\"ru-RU\",\"potentialAction\":[{\"@type\":\"ReadAction\",\"target\":[\"https:\\\/\\\/aristongreekoil.md\\\/conditii-comerciale\\\/\"]}]},{\"@type\":\"BreadcrumbList\",\"@id\":\"https:\\\/\\\/aristongreekoil.md\\\/conditii-comerciale\\\/#breadcrumb\",\"itemListElement\":[{\"@type\":\"ListItem\",\"position\":1,\"name\":\"Prima pagin\u0103\",\"item\":\"https:\\\/\\\/aristongreekoil.md\\\/\"},{\"@type\":\"ListItem\",\"position\":2,\"name\":\"Condi\u021bii Comerciale &#038; Politica de Confiden\u021bialitate\"}]},{\"@type\":\"WebSite\",\"@id\":\"https:\\\/\\\/aristongreekoil.md\\\/#website\",\"url\":\"https:\\\/\\\/aristongreekoil.md\\\/\",\"name\":\"Ariston Greek Oil\",\"description\":\"\",\"potentialAction\":[{\"@type\":\"SearchAction\",\"target\":{\"@type\":\"EntryPoint\",\"urlTemplate\":\"https:\\\/\\\/aristongreekoil.md\\\/?s={search_term_string}\"},\"query-input\":{\"@type\":\"PropertyValueSpecification\",\"valueRequired\":true,\"valueName\":\"search_term_string\"}}],\"inLanguage\":\"ru-RU\"}]}<\/script>\n<!-- \/ Yoast SEO plugin. -->","yoast_head_json":{"title":"Condi\u021bii Comerciale & Politica de Confiden\u021bialitate - Ariston Greek Oil","robots":{"index":"index","follow":"follow","max-snippet":"max-snippet:-1","max-image-preview":"max-image-preview:large","max-video-preview":"max-video-preview:-1"},"canonical":"https:\/\/aristongreekoil.md\/ru\/conditii-comerciale\/","og_locale":"ru_RU","og_type":"article","og_title":"Condi\u021bii Comerciale & Politica de Confiden\u021bialitate - Ariston Greek Oil","og_description":"Introducere www.aristongreekoil.md Ariston Greek Oil este un magazin on-line care realizeaz\u0103 \/ presteaz\u0103 : Comercializarea produselor din grecia precum ulei de maslineextra virgin,organic,presat la rece,otet balsamic.(descrierea produselor sau serviciilor care [&hellip;]","og_url":"https:\/\/aristongreekoil.md\/ru\/conditii-comerciale\/","og_site_name":"Ariston Greek Oil","article_modified_time":"2025-12-24T09:59:39+00:00","twitter_card":"summary_large_image","twitter_misc":{"\u041f\u0440\u0438\u043c\u0435\u0440\u043d\u043e\u0435 \u0432\u0440\u0435\u043c\u044f \u0434\u043b\u044f \u0447\u0442\u0435\u043d\u0438\u044f":"6 \u043c\u0438\u043d\u0443\u0442"},"schema":{"@context":"https:\/\/schema.org","@graph":[{"@type":"WebPage","@id":"https:\/\/aristongreekoil.md\/conditii-comerciale\/","url":"https:\/\/aristongreekoil.md\/conditii-comerciale\/","name":"Condi\u021bii Comerciale & Politica de Confiden\u021bialitate - Ariston Greek Oil","isPartOf":{"@id":"https:\/\/aristongreekoil.md\/#website"},"datePublished":"2018-10-17T09:24:15+00:00","dateModified":"2025-12-24T09:59:39+00:00","breadcrumb":{"@id":"https:\/\/aristongreekoil.md\/conditii-comerciale\/#breadcrumb"},"inLanguage":"ru-RU","potentialAction":[{"@type":"ReadAction","target":["https:\/\/aristongreekoil.md\/conditii-comerciale\/"]}]},{"@type":"BreadcrumbList","@id":"https:\/\/aristongreekoil.md\/conditii-comerciale\/#breadcrumb","itemListElement":[{"@type":"ListItem","position":1,"name":"Prima pagin\u0103","item":"https:\/\/aristongreekoil.md\/"},{"@type":"ListItem","position":2,"name":"Condi\u021bii Comerciale &#038; Politica de Confiden\u021bialitate"}]},{"@type":"WebSite","@id":"https:\/\/aristongreekoil.md\/#website","url":"https:\/\/aristongreekoil.md\/","name":"Ariston Greek Oil","description":"","potentialAction":[{"@type":"SearchAction","target":{"@type":"EntryPoint","urlTemplate":"https:\/\/aristongreekoil.md\/?s={search_term_string}"},"query-input":{"@type":"PropertyValueSpecification","valueRequired":true,"valueName":"search_term_string"}}],"inLanguage":"ru-RU"}]}},"jetpack_shortlink":"https:\/\/wp.me\/PgUDrV-bM","jetpack_sharing_enabled":true,"_links":{"self":[{"href":"https:\/\/aristongreekoil.md\/ru\/wp-json\/wp\/v2\/pages\/730","targetHints":{"allow":["GET"]}}],"collection":[{"href":"https:\/\/aristongreekoil.md\/ru\/wp-json\/wp\/v2\/pages"}],"about":[{"href":"https:\/\/aristongreekoil.md\/ru\/wp-json\/wp\/v2\/types\/page"}],"author":[{"embeddable":true,"href":"https:\/\/aristongreekoil.md\/ru\/wp-json\/wp\/v2\/users\/1"}],"replies":[{"embeddable":true,"href":"https:\/\/aristongreekoil.md\/ru\/wp-json\/wp\/v2\/comments?post=730"}],"version-history":[{"count":3,"href":"https:\/\/aristongreekoil.md\/ru\/wp-json\/wp\/v2\/pages\/730\/revisions"}],"predecessor-version":[{"id":1528,"href":"https:\/\/aristongreekoil.md\/ru\/wp-json\/wp\/v2\/pages\/730\/revisions\/1528"}],"wp:attachment":[{"href":"https:\/\/aristongreekoil.md\/ru\/wp-json\/wp\/v2\/media?parent=730"}],"curies":[{"name":"wp","href":"https:\/\/api.w.org\/{rel}","templated":true}]}}