{"id":1310,"date":"2025-12-14T15:17:22","date_gmt":"2025-12-14T13:17:22","guid":{"rendered":"https:\/\/aristongreekoil.md\/?post_type=product&#038;p=1310"},"modified":"2026-01-17T13:28:30","modified_gmt":"2026-01-17T11:28:30","slug":"otet-balsamic-classic-250ml","status":"publish","type":"product","link":"https:\/\/aristongreekoil.md\/ru\/product\/otet-balsamic-classic-250ml\/","title":{"rendered":"\u0411\u0430\u043b\u044c\u0437\u0430\u043c\u0438\u0447\u0435\u0441\u043a\u0438\u0439 \u0443\u043a\u0441\u0443\u0441 Classic 250\u043c\u043b"},"content":{"rendered":"<ol>\n<li class=\"translation-block\">\u0411\u0430\u043b\u044c\u0437\u0430\u043c\u0438\u0447\u0435\u0441\u043a\u0438\u0439 \u0443\u043a\u0441\u0443\u0441 Classic 250 \u043c\u043b \u043f\u0440\u0435\u0434\u043b\u0430\u0433\u0430\u0435\u0442 \u0441\u0431\u0430\u043b\u0430\u043d\u0441\u0438\u0440\u043e\u0432\u0430\u043d\u043d\u044b\u0439, \u0438\u043d\u0442\u0435\u043d\u0441\u0438\u0432\u043d\u044b\u0439 \u0438 \u0433\u0430\u0440\u043c\u043e\u043d\u0438\u0447\u043d\u044b\u0439 \u0432\u043a\u0443\u0441. \u0415\u0451 \u0442\u0440\u0430\u0434\u0438\u0446\u0438\u043e\u043d\u043d\u044b\u0439 \u0432\u043a\u0443\u0441 \u0438\u0434\u0435\u0430\u043b\u044c\u043d\u043e \u0434\u043e\u043f\u043e\u043b\u043d\u044f\u0435\u0442 \u0435\u0436\u0435\u0434\u043d\u0435\u0432\u043d\u044b\u0435 \u0431\u043b\u044e\u0434\u0430. \u0411\u0430\u0440\u0445\u0430\u0442\u0438\u0441\u0442\u0430\u044f \u0442\u0435\u043a\u0441\u0442\u0443\u0440\u0430 \u0438 \u0433\u043b\u0443\u0431\u043e\u043a\u0438\u0439 \u0446\u0432\u0435\u0442 \u043f\u043e\u0434\u0447\u0451\u0440\u043a\u0438\u0432\u0430\u044e\u0442 \u043a\u0430\u0447\u0435\u0441\u0442\u0432\u043e \u043f\u0440\u043e\u0434\u0443\u043a\u0442\u0430. \u0418\u0434\u0435\u0430\u043b\u044c\u043d\u043e \u043f\u043e\u0434\u0445\u043e\u0434\u0438\u0442 \u0434\u043b\u044f \u0441\u0432\u0435\u0436\u0438\u0445 \u0441\u0430\u043b\u0430\u0442\u043e\u0432 \u0438 \u0437\u0430\u043f\u0435\u0447\u0451\u043d\u043d\u044b\u0445 \u043e\u0432\u043e\u0449\u0435\u0439. \u041e\u043d \u043e\u0442\u043b\u0438\u0447\u043d\u043e \u0441\u043e\u0447\u0435\u0442\u0430\u0435\u0442\u0441\u044f \u0441 \u043c\u044f\u0441\u043e\u043c, \u0440\u044b\u0431\u043e\u0439 \u0438\u043b\u0438 \u0431\u043b\u044e\u0434\u0430\u043c\u0438 \u043d\u0430 \u0433\u0440\u0438\u043b\u0435. \u0411\u0430\u043b\u044c\u0437\u0430\u043c\u0438\u0447\u0435\u0441\u043a\u0438\u0439 \u0443\u043a\u0441\u0443\u0441 Classic 250 \u043c\u043b \u043c\u043e\u0436\u043d\u043e \u0438\u0441\u043f\u043e\u043b\u044c\u0437\u043e\u0432\u0430\u0442\u044c \u0434\u043b\u044f \u043a\u043b\u0430\u0441\u0441\u0438\u0447\u0435\u0441\u043a\u0438\u0445 \u043c\u0430\u0440\u0438\u043d\u0430\u0434\u043e\u0432 \u0438 \u0441\u043e\u0443\u0441\u043e\u0432. \u041d\u0435\u0441\u043a\u043e\u043b\u044c\u043a\u043e \u043a\u0430\u043f\u0435\u043b\u044c \u0443\u0441\u0438\u043b\u0438\u0432\u0430\u044e\u0442 \u0432\u043a\u0443\u0441 \u0441\u044b\u0440\u043e\u0432 \u0438 \u0437\u0430\u043a\u0443\u0441\u043e\u043a. \u041f\u0440\u043e\u0434\u0443\u043a\u0442 \u0438\u0437\u0433\u043e\u0442\u043e\u0432\u043b\u0435\u043d \u0438\u0437 \u0442\u0449\u0430\u0442\u0435\u043b\u044c\u043d\u043e \u043e\u0442\u043e\u0431\u0440\u0430\u043d\u043d\u044b\u0445 \u0438\u043d\u0433\u0440\u0435\u0434\u0438\u0435\u043d\u0442\u043e\u0432. \u0423\u043f\u0430\u043a\u043e\u0432\u043a\u0430 \u043e\u0431\u044a\u0451\u043c\u043e\u043c 250 \u043c\u043b \u043f\u0440\u0430\u043a\u0442\u0438\u0447\u043d\u0430 \u0438 \u043f\u0440\u043e\u0441\u0442\u0430\u044f \u0432 \u0438\u0441\u043f\u043e\u043b\u044c\u0437\u043e\u0432\u0430\u043d\u0438\u0438. \u0423\u043a\u0441\u0443\u0441 \u043f\u0440\u0438\u0434\u0430\u0451\u0442 \u0441\u0440\u0435\u0434\u0438\u0437\u0435\u043c\u043d\u043e\u043c\u043e\u0440\u0441\u043a\u043e\u0439 \u043a\u0443\u0445\u043d\u0435 \u0430\u0443\u0442\u0435\u043d\u0442\u0438\u0447\u043d\u043e\u0441\u0442\u044c \u0438 \u0438\u0437\u044b\u0441\u043a\u0430\u043d\u043d\u043e\u0441\u0442\u044c.<\/li>\n<\/ol>","protected":false},"excerpt":{"rendered":"<p>O\u021bet Balsamic Classic 250ml ofer\u0103 un gust echilibrat, intens \u0219i armonios. Aroma sa tradi\u021bional\u0103 completeaz\u0103 perfect preparatele culinare zilnice. Textura catifelat\u0103 \u0219i culoarea profund\u0103 eviden\u021biaz\u0103 calitatea produsului. Este ideal pentru [&hellip;]<\/p>\n","protected":false},"featured_media":1311,"template":"","meta":{"_crdt_document":"","jetpack_publicize_message":"","jetpack_publicize_feature_enabled":true,"jetpack_social_post_already_shared":true,"jetpack_social_options":{"image_generator_settings":{"template":"highway","default_image_id":0,"font":"","enabled":false},"version":2},"_wpas_customize_per_network":false},"product_brand":[],"product_cat":[58],"product_tag":[],"class_list":{"0":"post-1310","1":"product","2":"type-product","3":"status-publish","4":"has-post-thumbnail","6":"product_cat-otet-balsamic","8":"first","9":"instock","10":"shipping-taxable","11":"purchasable","12":"product-type-simple"},"exclude_global_add_ons":[],"addons":[],"yoast_head":"<!-- This site is optimized with the Yoast SEO plugin v27.5 - https:\/\/yoast.com\/product\/yoast-seo-wordpress\/ -->\n<title>O\u021bet Balsamic Classic 250ml<\/title>\n<meta name=\"description\" content=\"O\u021bet Balsamic Classic 250ml ofer\u0103 un gust echilibrat, intens \u0219i armonios.Aroma sa tradi\u021bional\u0103 completeaz\u0103 perfect preparatele culinare zilnice.\" \/>\n<meta name=\"robots\" content=\"index, follow, max-snippet:-1, max-image-preview:large, max-video-preview:-1\" \/>\n<link rel=\"canonical\" href=\"https:\/\/aristongreekoil.md\/ru\/product\/otet-balsamic-classic-250ml\/\" \/>\n<meta property=\"og:locale\" content=\"ru_RU\" \/>\n<meta property=\"og:type\" content=\"article\" \/>\n<meta property=\"og:title\" content=\"O\u021bet Balsamic Classic 250ml\" \/>\n<meta property=\"og:description\" content=\"O\u021bet Balsamic Classic 250ml ofer\u0103 un gust echilibrat, intens \u0219i armonios.Aroma sa tradi\u021bional\u0103 completeaz\u0103 perfect preparatele culinare zilnice.\" \/>\n<meta property=\"og:url\" content=\"https:\/\/aristongreekoil.md\/ru\/product\/otet-balsamic-classic-250ml\/\" \/>\n<meta property=\"og:site_name\" content=\"Ariston Greek Oil\" \/>\n<meta property=\"article:modified_time\" content=\"2026-01-17T11:28:30+00:00\" \/>\n<meta property=\"og:image\" content=\"https:\/\/aristongreekoil.md\/wp-content\/uploads\/2025\/12\/Otet.Balsamic-Ariston-Clasic-250ml.jpg\" \/>\n\t<meta property=\"og:image:width\" content=\"1024\" \/>\n\t<meta property=\"og:image:height\" content=\"1024\" \/>\n\t<meta property=\"og:image:type\" content=\"image\/jpeg\" \/>\n<meta name=\"twitter:card\" content=\"summary_large_image\" \/>\n<meta name=\"twitter:label1\" content=\"\u041f\u0440\u0438\u043c\u0435\u0440\u043d\u043e\u0435 \u0432\u0440\u0435\u043c\u044f \u0434\u043b\u044f \u0447\u0442\u0435\u043d\u0438\u044f\" \/>\n\t<meta name=\"twitter:data1\" content=\"1 \u043c\u0438\u043d\u0443\u0442\u0430\" \/>\n<script type=\"application\/ld+json\" class=\"yoast-schema-graph\">{\"@context\":\"https:\\\/\\\/schema.org\",\"@graph\":[{\"@type\":\"WebPage\",\"@id\":\"https:\\\/\\\/aristongreekoil.md\\\/product\\\/otet-balsamic-classic-250ml\\\/\",\"url\":\"https:\\\/\\\/aristongreekoil.md\\\/product\\\/otet-balsamic-classic-250ml\\\/\",\"name\":\"O\u021bet Balsamic Classic 250ml\",\"isPartOf\":{\"@id\":\"https:\\\/\\\/aristongreekoil.md\\\/#website\"},\"primaryImageOfPage\":{\"@id\":\"https:\\\/\\\/aristongreekoil.md\\\/product\\\/otet-balsamic-classic-250ml\\\/#primaryimage\"},\"image\":{\"@id\":\"https:\\\/\\\/aristongreekoil.md\\\/product\\\/otet-balsamic-classic-250ml\\\/#primaryimage\"},\"thumbnailUrl\":\"https:\\\/\\\/aristongreekoil.md\\\/wp-content\\\/uploads\\\/2025\\\/12\\\/Otet.Balsamic-Ariston-Clasic-250ml.jpg\",\"datePublished\":\"2025-12-14T13:17:22+00:00\",\"dateModified\":\"2026-01-17T11:28:30+00:00\",\"description\":\"O\u021bet Balsamic Classic 250ml ofer\u0103 un gust echilibrat, intens \u0219i armonios.Aroma sa tradi\u021bional\u0103 completeaz\u0103 perfect preparatele culinare zilnice.\",\"breadcrumb\":{\"@id\":\"https:\\\/\\\/aristongreekoil.md\\\/product\\\/otet-balsamic-classic-250ml\\\/#breadcrumb\"},\"inLanguage\":\"ru-RU\",\"potentialAction\":[{\"@type\":\"ReadAction\",\"target\":[\"https:\\\/\\\/aristongreekoil.md\\\/product\\\/otet-balsamic-classic-250ml\\\/\"]}]},{\"@type\":\"ImageObject\",\"inLanguage\":\"ru-RU\",\"@id\":\"https:\\\/\\\/aristongreekoil.md\\\/product\\\/otet-balsamic-classic-250ml\\\/#primaryimage\",\"url\":\"https:\\\/\\\/aristongreekoil.md\\\/wp-content\\\/uploads\\\/2025\\\/12\\\/Otet.Balsamic-Ariston-Clasic-250ml.jpg\",\"contentUrl\":\"https:\\\/\\\/aristongreekoil.md\\\/wp-content\\\/uploads\\\/2025\\\/12\\\/Otet.Balsamic-Ariston-Clasic-250ml.jpg\",\"width\":1024,\"height\":1024,\"caption\":\"O\u021bet Balsamic Classic 250ml\"},{\"@type\":\"BreadcrumbList\",\"@id\":\"https:\\\/\\\/aristongreekoil.md\\\/product\\\/otet-balsamic-classic-250ml\\\/#breadcrumb\",\"itemListElement\":[{\"@type\":\"ListItem\",\"position\":1,\"name\":\"Prima pagin\u0103\",\"item\":\"https:\\\/\\\/aristongreekoil.md\\\/\"},{\"@type\":\"ListItem\",\"position\":2,\"name\":\"Shop\",\"item\":\"https:\\\/\\\/aristongreekoil.md\\\/shop\\\/\"},{\"@type\":\"ListItem\",\"position\":3,\"name\":\"O\u021bet Balsamic Classic 250ml\"}]},{\"@type\":\"WebSite\",\"@id\":\"https:\\\/\\\/aristongreekoil.md\\\/#website\",\"url\":\"https:\\\/\\\/aristongreekoil.md\\\/\",\"name\":\"Ariston Greek Oil\",\"description\":\"\",\"potentialAction\":[{\"@type\":\"SearchAction\",\"target\":{\"@type\":\"EntryPoint\",\"urlTemplate\":\"https:\\\/\\\/aristongreekoil.md\\\/?s={search_term_string}\"},\"query-input\":{\"@type\":\"PropertyValueSpecification\",\"valueRequired\":true,\"valueName\":\"search_term_string\"}}],\"inLanguage\":\"ru-RU\"}]}<\/script>\n<!-- \/ Yoast SEO plugin. -->","yoast_head_json":{"title":"\u0411\u0430\u043b\u044c\u0437\u0430\u043c\u0438\u0447\u0435\u0441\u043a\u0438\u0439 \u0443\u043a\u0441\u0443\u0441 Classic 250\u043c\u043b","description":"O\u021bet Balsamic Classic 250ml ofer\u0103 un gust echilibrat, intens \u0219i armonios.Aroma sa tradi\u021bional\u0103 completeaz\u0103 perfect preparatele culinare zilnice.","robots":{"index":"index","follow":"follow","max-snippet":"max-snippet:-1","max-image-preview":"max-image-preview:large","max-video-preview":"max-video-preview:-1"},"canonical":"https:\/\/aristongreekoil.md\/ru\/product\/otet-balsamic-classic-250ml\/","og_locale":"ru_RU","og_type":"article","og_title":"O\u021bet Balsamic Classic 250ml","og_description":"O\u021bet Balsamic Classic 250ml ofer\u0103 un gust echilibrat, intens \u0219i armonios.Aroma sa tradi\u021bional\u0103 completeaz\u0103 perfect preparatele culinare zilnice.","og_url":"https:\/\/aristongreekoil.md\/ru\/product\/otet-balsamic-classic-250ml\/","og_site_name":"Ariston Greek Oil","article_modified_time":"2026-01-17T11:28:30+00:00","og_image":[{"width":1024,"height":1024,"url":"https:\/\/aristongreekoil.md\/wp-content\/uploads\/2025\/12\/Otet.Balsamic-Ariston-Clasic-250ml.jpg","type":"image\/jpeg"}],"twitter_card":"summary_large_image","twitter_misc":{"\u041f\u0440\u0438\u043c\u0435\u0440\u043d\u043e\u0435 \u0432\u0440\u0435\u043c\u044f \u0434\u043b\u044f \u0447\u0442\u0435\u043d\u0438\u044f":"1 \u043c\u0438\u043d\u0443\u0442\u0430"},"schema":{"@context":"https:\/\/schema.org","@graph":[{"@type":"WebPage","@id":"https:\/\/aristongreekoil.md\/product\/otet-balsamic-classic-250ml\/","url":"https:\/\/aristongreekoil.md\/product\/otet-balsamic-classic-250ml\/","name":"\u0411\u0430\u043b\u044c\u0437\u0430\u043c\u0438\u0447\u0435\u0441\u043a\u0438\u0439 \u0443\u043a\u0441\u0443\u0441 Classic 250\u043c\u043b","isPartOf":{"@id":"https:\/\/aristongreekoil.md\/#website"},"primaryImageOfPage":{"@id":"https:\/\/aristongreekoil.md\/product\/otet-balsamic-classic-250ml\/#primaryimage"},"image":{"@id":"https:\/\/aristongreekoil.md\/product\/otet-balsamic-classic-250ml\/#primaryimage"},"thumbnailUrl":"https:\/\/aristongreekoil.md\/wp-content\/uploads\/2025\/12\/Otet.Balsamic-Ariston-Clasic-250ml.jpg","datePublished":"2025-12-14T13:17:22+00:00","dateModified":"2026-01-17T11:28:30+00:00","description":"O\u021bet Balsamic Classic 250ml ofer\u0103 un gust echilibrat, intens \u0219i armonios.Aroma sa tradi\u021bional\u0103 completeaz\u0103 perfect preparatele culinare zilnice.","breadcrumb":{"@id":"https:\/\/aristongreekoil.md\/product\/otet-balsamic-classic-250ml\/#breadcrumb"},"inLanguage":"ru-RU","potentialAction":[{"@type":"ReadAction","target":["https:\/\/aristongreekoil.md\/product\/otet-balsamic-classic-250ml\/"]}]},{"@type":"ImageObject","inLanguage":"ru-RU","@id":"https:\/\/aristongreekoil.md\/product\/otet-balsamic-classic-250ml\/#primaryimage","url":"https:\/\/aristongreekoil.md\/wp-content\/uploads\/2025\/12\/Otet.Balsamic-Ariston-Clasic-250ml.jpg","contentUrl":"https:\/\/aristongreekoil.md\/wp-content\/uploads\/2025\/12\/Otet.Balsamic-Ariston-Clasic-250ml.jpg","width":1024,"height":1024,"caption":"O\u021bet Balsamic Classic 250ml"},{"@type":"BreadcrumbList","@id":"https:\/\/aristongreekoil.md\/product\/otet-balsamic-classic-250ml\/#breadcrumb","itemListElement":[{"@type":"ListItem","position":1,"name":"Prima pagin\u0103","item":"https:\/\/aristongreekoil.md\/"},{"@type":"ListItem","position":2,"name":"Shop","item":"https:\/\/aristongreekoil.md\/shop\/"},{"@type":"ListItem","position":3,"name":"O\u021bet Balsamic Classic 250ml"}]},{"@type":"WebSite","@id":"https:\/\/aristongreekoil.md\/#website","url":"https:\/\/aristongreekoil.md\/","name":"Ariston Greek Oil","description":"","potentialAction":[{"@type":"SearchAction","target":{"@type":"EntryPoint","urlTemplate":"https:\/\/aristongreekoil.md\/?s={search_term_string}"},"query-input":{"@type":"PropertyValueSpecification","valueRequired":true,"valueName":"search_term_string"}}],"inLanguage":"ru-RU"}]}},"jetpack_publicize_connections":[],"jetpack_sharing_enabled":true,"_links":{"self":[{"href":"https:\/\/aristongreekoil.md\/ru\/wp-json\/wp\/v2\/product\/1310","targetHints":{"allow":["GET"]}}],"collection":[{"href":"https:\/\/aristongreekoil.md\/ru\/wp-json\/wp\/v2\/product"}],"about":[{"href":"https:\/\/aristongreekoil.md\/ru\/wp-json\/wp\/v2\/types\/product"}],"wp:featuredmedia":[{"embeddable":true,"href":"https:\/\/aristongreekoil.md\/ru\/wp-json\/wp\/v2\/media\/1311"}],"wp:attachment":[{"href":"https:\/\/aristongreekoil.md\/ru\/wp-json\/wp\/v2\/media?parent=1310"}],"wp:term":[{"taxonomy":"product_brand","embeddable":true,"href":"https:\/\/aristongreekoil.md\/ru\/wp-json\/wp\/v2\/product_brand?post=1310"},{"taxonomy":"product_cat","embeddable":true,"href":"https:\/\/aristongreekoil.md\/ru\/wp-json\/wp\/v2\/product_cat?post=1310"},{"taxonomy":"product_tag","embeddable":true,"href":"https:\/\/aristongreekoil.md\/ru\/wp-json\/wp\/v2\/product_tag?post=1310"}],"curies":[{"name":"wp","href":"https:\/\/api.w.org\/{rel}","templated":true}]}}